{"id":2697,"date":"2025-05-14T20:02:05","date_gmt":"2025-05-14T20:02:05","guid":{"rendered":"https:\/\/scandipropertycare.com\/kontakta\/"},"modified":"2025-07-21T21:38:06","modified_gmt":"2025-07-21T21:38:06","slug":"kontakta","status":"publish","type":"page","link":"https:\/\/scandipropertycare.com\/sv\/kontakta\/","title":{"rendered":"Kontakta"},"content":{"rendered":"\t\t<div data-elementor-type=\"wp-page\" data-elementor-id=\"2697\" class=\"elementor elementor-2697 elementor-228\" data-elementor-post-type=\"page\">\n\t\t\t\t<div class=\"elementor-element elementor-element-3482a80 e-flex e-con-boxed e-con e-parent\" data-id=\"3482a80\" data-element_type=\"container\" data-settings=\"{&quot;background_background&quot;:&quot;classic&quot;}\">\n\t\t\t\t\t<div class=\"e-con-inner\">\n\t\t\t\t<div class=\"elementor-element elementor-element-ff702ce elementor-widget elementor-widget-heading\" data-id=\"ff702ce\" data-element_type=\"widget\" data-widget_type=\"heading.default\">\n\t\t\t\t<div class=\"elementor-widget-container\">\n\t\t\t\t\t<h2 class=\"elementor-heading-title elementor-size-default\">Kontakta oss<\/h2>\t\t\t\t<\/div>\n\t\t\t\t<\/div>\n\t\t\t\t<div class=\"elementor-element elementor-element-224959d elementor-widget elementor-widget-text-editor\" data-id=\"224959d\" data-element_type=\"widget\" data-widget_type=\"text-editor.default\">\n\t\t\t\t<div class=\"elementor-widget-container\">\n\t\t\t\t\t\t\t\t\t<p>Fyll i formul\u00e4ret nedan s\u00e5 kontaktar vi dig s\u00e5 snart som m\u00f6jligt<\/p>\t\t\t\t\t\t\t\t<\/div>\n\t\t\t\t<\/div>\n\t\t\t\t<div class=\"elementor-element elementor-element-247b97f elementor-button-align-stretch elementor-widget elementor-widget-form\" data-id=\"247b97f\" data-element_type=\"widget\" data-settings=\"{&quot;step_next_label&quot;:&quot;N\\u00e4sta&quot;,&quot;step_previous_label&quot;:&quot;Tidigare&quot;,&quot;button_width&quot;:&quot;100&quot;,&quot;step_type&quot;:&quot;number_text&quot;,&quot;step_icon_shape&quot;:&quot;circle&quot;}\" data-widget_type=\"form.default\">\n\t\t\t\t<div class=\"elementor-widget-container\">\n\t\t\t\t\t\t\t<form class=\"elementor-form\" method=\"post\" name=\"Startsida Formul\u00e4r\">\n\t\t\t<input type=\"hidden\" name=\"post_id\" value=\"2697\"\/>\n\t\t\t<input type=\"hidden\" name=\"form_id\" value=\"247b97f\"\/>\n\t\t\t<input type=\"hidden\" name=\"referer_title\" value=\"Kontakta Scandi Property Care | Marbella Fastighetstj\u00e4nster\" \/>\n\n\t\t\t\t\t\t\t<input type=\"hidden\" name=\"queried_id\" value=\"2697\"\/>\n\t\t\t\n\t\t\t<div class=\"elementor-form-fields-wrapper elementor-labels-above\">\n\t\t\t\t\t\t\t\t<div class=\"elementor-field-type-text elementor-field-group elementor-column elementor-field-group-name elementor-col-100 elementor-field-required elementor-mark-required\">\n\t\t\t\t\t\t\t\t\t\t\t\t<label for=\"form-field-name\" class=\"elementor-field-label\">\n\t\t\t\t\t\t\t\tNamn\t\t\t\t\t\t\t<\/label>\n\t\t\t\t\t\t\t\t\t\t\t\t\t\t<input size=\"1\" type=\"text\" name=\"form_fields[name]\" id=\"form-field-name\" class=\"elementor-field elementor-size-sm  elementor-field-textual\" required=\"required\">\n\t\t\t\t\t\t\t\t\t\t\t<\/div>\n\t\t\t\t\t\t\t\t<div class=\"elementor-field-type-tel elementor-field-group elementor-column elementor-field-group-field_5017d6b elementor-col-50 elementor-field-required elementor-mark-required\">\n\t\t\t\t\t\t\t\t\t\t\t\t<label for=\"form-field-field_5017d6b\" class=\"elementor-field-label\">\n\t\t\t\t\t\t\t\tTelefon\t\t\t\t\t\t\t<\/label>\n\t\t\t\t\t\t\t\t<input size=\"1\" type=\"tel\" name=\"form_fields[field_5017d6b]\" id=\"form-field-field_5017d6b\" class=\"elementor-field elementor-size-sm  elementor-field-textual\" required=\"required\" pattern=\"[0-9()#&amp;+*-=.]+\" title=\"Endast siffror och telefontecken (#, -, *, etc) accepteras.\">\n\n\t\t\t\t\t\t<\/div>\n\t\t\t\t\t\t\t\t<div class=\"elementor-field-type-email elementor-field-group elementor-column elementor-field-group-email elementor-col-50 elementor-field-required elementor-mark-required\">\n\t\t\t\t\t\t\t\t\t\t\t\t<label for=\"form-field-email\" class=\"elementor-field-label\">\n\t\t\t\t\t\t\t\tE-post\t\t\t\t\t\t\t<\/label>\n\t\t\t\t\t\t\t\t\t\t\t\t\t\t<input size=\"1\" type=\"email\" name=\"form_fields[email]\" id=\"form-field-email\" class=\"elementor-field elementor-size-sm  elementor-field-textual\" required=\"required\">\n\t\t\t\t\t\t\t\t\t\t\t<\/div>\n\t\t\t\t\t\t\t\t<div class=\"elementor-field-type-select elementor-field-group elementor-column elementor-field-group-field_2e1ddae elementor-col-100\">\n\t\t\t\t\t\t\t\t\t\t\t\t<label for=\"form-field-field_2e1ddae\" class=\"elementor-field-label\">\n\t\t\t\t\t\t\t\tVilken tj\u00e4nst \u00e4r du intresserad av?\t\t\t\t\t\t\t<\/label>\n\t\t\t\t\t\t\t\t<div class=\"elementor-field elementor-select-wrapper remove-before \">\n\t\t\t<div class=\"select-caret-down-wrapper\">\n\t\t\t\t<svg aria-hidden=\"true\" class=\"e-font-icon-svg e-eicon-caret-down\" viewBox=\"0 0 571.4 571.4\" xmlns=\"http:\/\/www.w3.org\/2000\/svg\"><path d=\"M571 393Q571 407 561 418L311 668Q300 679 286 679T261 668L11 418Q0 407 0 393T11 368 36 357H536Q550 357 561 368T571 393Z\"><\/path><\/svg>\t\t\t<\/div>\n\t\t\t<select name=\"form_fields[field_2e1ddae]\" id=\"form-field-field_2e1ddae\" class=\"elementor-field-textual elementor-size-sm\">\n\t\t\t\t\t\t\t\t\t<option value=\"Reng\u00f6ring\">Reng\u00f6ring<\/option>\n\t\t\t\t\t\t\t\t\t<option value=\" Tr\u00e4dg\u00e5rdssk\u00f6tsel\"> Tr\u00e4dg\u00e5rdssk\u00f6tsel<\/option>\n\t\t\t\t\t\t\t\t\t<option value=\" AirBnb-hantering\"> AirBnb-hantering<\/option>\n\t\t\t\t\t\t\t\t\t<option value=\" Nyckelh\u00e5llning\"> Nyckelh\u00e5llning<\/option>\n\t\t\t\t\t\t\t\t\t<option value=\" Underh\u00e5ll\"> Underh\u00e5ll<\/option>\n\t\t\t\t\t\t\t\t\t<option value=\" Hantlangare\"> Hantlangare<\/option>\n\t\t\t\t\t\t\t\t\t<option value=\" Buss\"> Buss<\/option>\n\t\t\t\t\t\t\t\t\t<option value=\" Privatchauff\u00f6r\"> Privatchauff\u00f6r<\/option>\n\t\t\t\t\t\t\t<\/select>\n\t\t<\/div>\n\t\t\t\t\t\t<\/div>\n\t\t\t\t\t\t\t\t<div class=\"elementor-field-type-textarea elementor-field-group elementor-column elementor-field-group-message elementor-col-100\">\n\t\t\t\t\t\t\t\t\t\t\t\t<label for=\"form-field-message\" class=\"elementor-field-label\">\n\t\t\t\t\t\t\t\tMeddelande\t\t\t\t\t\t\t<\/label>\n\t\t\t\t\t\t<textarea class=\"elementor-field-textual elementor-field  elementor-size-sm\" name=\"form_fields[message]\" id=\"form-field-message\" rows=\"4\"><\/textarea>\t\t\t\t<\/div>\n\t\t\t\t\t\t\t\t<div class=\"elementor-field-type-checkbox elementor-field-group elementor-column elementor-field-group-field_d39da55 elementor-col-100\">\n\t\t\t\t\t<div class=\"elementor-field-subgroup  \"><span class=\"elementor-field-option\"><input type=\"checkbox\" value=\"Jag samtycker till att Scandi Property Care lagrar min inl\u00e4mnade information s\u00e5 att de kan svara p\u00e5 min f\u00f6rfr\u00e5gan.\" id=\"form-field-field_d39da55-0\" name=\"form_fields[field_d39da55]\"> <label for=\"form-field-field_d39da55-0\">Jag samtycker till att Scandi Property Care lagrar min inl\u00e4mnade information s\u00e5 att de kan svara p\u00e5 min f\u00f6rfr\u00e5gan.<\/label><\/span><\/div>\t\t\t\t<\/div>\n\t\t\t\t\t\t\t\t<div class=\"elementor-field-group elementor-column elementor-field-type-submit elementor-col-100 e-form__buttons\">\n\t\t\t\t\t<button class=\"elementor-button elementor-size-sm\" type=\"submit\">\n\t\t\t\t\t\t<span class=\"elementor-button-content-wrapper\">\n\t\t\t\t\t\t\t\t\t\t\t\t\t\t\t\t\t\t\t\t\t\t<span class=\"elementor-button-text\">Skicka<\/span>\n\t\t\t\t\t\t\t\t\t\t\t\t\t<\/span>\n\t\t\t\t\t<\/button>\n\t\t\t\t<\/div>\n\t\t\t<\/div>\n\t\t<\/form>\n\t\t\t\t\t\t<\/div>\n\t\t\t\t<\/div>\n\t\t\t\t\t<\/div>\n\t\t\t\t<\/div>\n\t\t\t\t<\/div>\n\t\t","protected":false},"excerpt":{"rendered":"<p>Kontakta oss Fyll i formul\u00e4ret nedan s\u00e5 kontaktar vi dig s\u00e5 snart som m\u00f6jligt<\/p>\n","protected":false},"author":1,"featured_media":2698,"parent":0,"menu_order":0,"comment_status":"closed","ping_status":"closed","template":"elementor_header_footer","meta":{"footnotes":""},"class_list":["post-2697","page","type-page","status-publish","has-post-thumbnail","hentry"],"yoast_head":"<!-- This site is optimized with the Yoast SEO plugin v25.2 - https:\/\/yoast.com\/wordpress\/plugins\/seo\/ -->\n<title>Kontakta Scandi Property Care | Marbella Fastighetstj\u00e4nster<\/title>\n<meta name=\"description\" content=\"Kontakta Scandi Property Care f\u00f6r p\u00e5litliga st\u00e4d-, underh\u00e5lls- och Airbnb-tj\u00e4nster i Marbella och Costa del Sol. Snabba svar via e-post eller WhatsApp.\" \/>\n<meta name=\"robots\" content=\"index, follow, max-snippet:-1, max-image-preview:large, max-video-preview:-1\" \/>\n<link rel=\"canonical\" href=\"https:\/\/scandipropertycare.com\/sv\/kontakta\/\" \/>\n<meta property=\"og:locale\" content=\"sv_SE\" \/>\n<meta property=\"og:type\" content=\"article\" \/>\n<meta property=\"og:title\" content=\"Kontakta Scandi Property Care | Marbella Fastighetstj\u00e4nster\" \/>\n<meta property=\"og:description\" content=\"Kontakta Scandi Property Care f\u00f6r p\u00e5litliga st\u00e4d-, underh\u00e5lls- och Airbnb-tj\u00e4nster i Marbella och Costa del Sol. Snabba svar via e-post eller WhatsApp.\" \/>\n<meta property=\"og:url\" content=\"https:\/\/scandipropertycare.com\/sv\/kontakta\/\" \/>\n<meta property=\"og:site_name\" content=\"Scandi Property Care\" \/>\n<meta property=\"article:modified_time\" content=\"2025-07-21T21:38:06+00:00\" \/>\n<meta property=\"og:image\" content=\"https:\/\/scandipropertycare.com\/wp-content\/uploads\/2025\/05\/Scandi-Property-Care-Marbella.png\" \/>\n\t<meta property=\"og:image:width\" content=\"940\" \/>\n\t<meta property=\"og:image:height\" content=\"788\" \/>\n\t<meta property=\"og:image:type\" content=\"image\/png\" \/>\n<meta name=\"twitter:card\" content=\"summary_large_image\" \/>\n<script type=\"application\/ld+json\" class=\"yoast-schema-graph\">{\"@context\":\"https:\/\/schema.org\",\"@graph\":[{\"@type\":\"WebPage\",\"@id\":\"https:\/\/scandipropertycare.com\/sv\/kontakta\/\",\"url\":\"https:\/\/scandipropertycare.com\/sv\/kontakta\/\",\"name\":\"Kontakta Scandi Property Care | Marbella Fastighetstj\u00e4nster\",\"isPartOf\":{\"@id\":\"https:\/\/scandipropertycare.com\/sv\/#website\"},\"primaryImageOfPage\":{\"@id\":\"https:\/\/scandipropertycare.com\/sv\/kontakta\/#primaryimage\"},\"image\":{\"@id\":\"https:\/\/scandipropertycare.com\/sv\/kontakta\/#primaryimage\"},\"thumbnailUrl\":\"https:\/\/scandipropertycare.com\/wp-content\/uploads\/2025\/05\/Scandi-Property-Care-Marbella.png\",\"datePublished\":\"2025-05-14T20:02:05+00:00\",\"dateModified\":\"2025-07-21T21:38:06+00:00\",\"description\":\"Kontakta Scandi Property Care f\u00f6r p\u00e5litliga st\u00e4d-, underh\u00e5lls- och Airbnb-tj\u00e4nster i Marbella och Costa del Sol. Snabba svar via e-post eller WhatsApp.\",\"breadcrumb\":{\"@id\":\"https:\/\/scandipropertycare.com\/sv\/kontakta\/#breadcrumb\"},\"inLanguage\":\"sv-SE\",\"potentialAction\":[{\"@type\":\"ReadAction\",\"target\":[\"https:\/\/scandipropertycare.com\/sv\/kontakta\/\"]}]},{\"@type\":\"ImageObject\",\"inLanguage\":\"sv-SE\",\"@id\":\"https:\/\/scandipropertycare.com\/sv\/kontakta\/#primaryimage\",\"url\":\"https:\/\/scandipropertycare.com\/wp-content\/uploads\/2025\/05\/Scandi-Property-Care-Marbella.png\",\"contentUrl\":\"https:\/\/scandipropertycare.com\/wp-content\/uploads\/2025\/05\/Scandi-Property-Care-Marbella.png\",\"width\":940,\"height\":788,\"caption\":\"Scandi Property Care Marbella\"},{\"@type\":\"BreadcrumbList\",\"@id\":\"https:\/\/scandipropertycare.com\/sv\/kontakta\/#breadcrumb\",\"itemListElement\":[{\"@type\":\"ListItem\",\"position\":1,\"name\":\"Hem\",\"item\":\"https:\/\/scandipropertycare.com\/sv\/hem\/\"},{\"@type\":\"ListItem\",\"position\":2,\"name\":\"Kontakta\"}]},{\"@type\":\"WebSite\",\"@id\":\"https:\/\/scandipropertycare.com\/sv\/#website\",\"url\":\"https:\/\/scandipropertycare.com\/sv\/\",\"name\":\"Scandi Property Care\",\"description\":\"Premium fastighetssk\u00f6tsel i Marbella\",\"publisher\":{\"@id\":\"https:\/\/scandipropertycare.com\/sv\/#organization\"},\"potentialAction\":[{\"@type\":\"SearchAction\",\"target\":{\"@type\":\"EntryPoint\",\"urlTemplate\":\"https:\/\/scandipropertycare.com\/sv\/?s={search_term_string}\"},\"query-input\":{\"@type\":\"PropertyValueSpecification\",\"valueRequired\":true,\"valueName\":\"search_term_string\"}}],\"inLanguage\":\"sv-SE\"},{\"@type\":\"Organization\",\"@id\":\"https:\/\/scandipropertycare.com\/sv\/#organization\",\"name\":\"Skandinavisk fastighetssk\u00f6tsel\",\"url\":\"https:\/\/scandipropertycare.com\/sv\/\",\"logo\":{\"@type\":\"ImageObject\",\"inLanguage\":\"sv-SE\",\"@id\":\"https:\/\/scandipropertycare.com\/sv\/#\/schema\/logo\/image\/\",\"url\":\"https:\/\/scandipropertycare.com\/wp-content\/uploads\/2025\/05\/Scandi-Property-Care-LogoFinal.png\",\"contentUrl\":\"https:\/\/scandipropertycare.com\/wp-content\/uploads\/2025\/05\/Scandi-Property-Care-LogoFinal.png\",\"width\":1819,\"height\":593,\"caption\":\"Skandinavisk fastighetssk\u00f6tsel\"},\"image\":{\"@id\":\"https:\/\/scandipropertycare.com\/sv\/#\/schema\/logo\/image\/\"}}]}<\/script>\n<!-- \/ Yoast SEO plugin. -->","yoast_head_json":{"title":"Kontakta Scandi Property Care | Marbella Fastighetstj\u00e4nster","description":"Kontakta Scandi Property Care f\u00f6r p\u00e5litliga st\u00e4d-, underh\u00e5lls- och Airbnb-tj\u00e4nster i Marbella och Costa del Sol. Snabba svar via e-post eller WhatsApp.","robots":{"index":"index","follow":"follow","max-snippet":"max-snippet:-1","max-image-preview":"max-image-preview:large","max-video-preview":"max-video-preview:-1"},"canonical":"https:\/\/scandipropertycare.com\/sv\/kontakta\/","og_locale":"sv_SE","og_type":"article","og_title":"Kontakta Scandi Property Care | Marbella Fastighetstj\u00e4nster","og_description":"Kontakta Scandi Property Care f\u00f6r p\u00e5litliga st\u00e4d-, underh\u00e5lls- och Airbnb-tj\u00e4nster i Marbella och Costa del Sol. Snabba svar via e-post eller WhatsApp.","og_url":"https:\/\/scandipropertycare.com\/sv\/kontakta\/","og_site_name":"Scandi Property Care","article_modified_time":"2025-07-21T21:38:06+00:00","og_image":[{"width":940,"height":788,"url":"https:\/\/scandipropertycare.com\/wp-content\/uploads\/2025\/05\/Scandi-Property-Care-Marbella.png","type":"image\/png"}],"twitter_card":"summary_large_image","schema":{"@context":"https:\/\/schema.org","@graph":[{"@type":"WebPage","@id":"https:\/\/scandipropertycare.com\/sv\/kontakta\/","url":"https:\/\/scandipropertycare.com\/sv\/kontakta\/","name":"Kontakta Scandi Property Care | Marbella Fastighetstj\u00e4nster","isPartOf":{"@id":"https:\/\/scandipropertycare.com\/sv\/#website"},"primaryImageOfPage":{"@id":"https:\/\/scandipropertycare.com\/sv\/kontakta\/#primaryimage"},"image":{"@id":"https:\/\/scandipropertycare.com\/sv\/kontakta\/#primaryimage"},"thumbnailUrl":"https:\/\/scandipropertycare.com\/wp-content\/uploads\/2025\/05\/Scandi-Property-Care-Marbella.png","datePublished":"2025-05-14T20:02:05+00:00","dateModified":"2025-07-21T21:38:06+00:00","description":"Kontakta Scandi Property Care f\u00f6r p\u00e5litliga st\u00e4d-, underh\u00e5lls- och Airbnb-tj\u00e4nster i Marbella och Costa del Sol. Snabba svar via e-post eller WhatsApp.","breadcrumb":{"@id":"https:\/\/scandipropertycare.com\/sv\/kontakta\/#breadcrumb"},"inLanguage":"sv-SE","potentialAction":[{"@type":"ReadAction","target":["https:\/\/scandipropertycare.com\/sv\/kontakta\/"]}]},{"@type":"ImageObject","inLanguage":"sv-SE","@id":"https:\/\/scandipropertycare.com\/sv\/kontakta\/#primaryimage","url":"https:\/\/scandipropertycare.com\/wp-content\/uploads\/2025\/05\/Scandi-Property-Care-Marbella.png","contentUrl":"https:\/\/scandipropertycare.com\/wp-content\/uploads\/2025\/05\/Scandi-Property-Care-Marbella.png","width":940,"height":788,"caption":"Scandi Property Care Marbella"},{"@type":"BreadcrumbList","@id":"https:\/\/scandipropertycare.com\/sv\/kontakta\/#breadcrumb","itemListElement":[{"@type":"ListItem","position":1,"name":"Hem","item":"https:\/\/scandipropertycare.com\/sv\/hem\/"},{"@type":"ListItem","position":2,"name":"Kontakta"}]},{"@type":"WebSite","@id":"https:\/\/scandipropertycare.com\/sv\/#website","url":"https:\/\/scandipropertycare.com\/sv\/","name":"Scandi Property Care","description":"Premium fastighetssk\u00f6tsel i Marbella","publisher":{"@id":"https:\/\/scandipropertycare.com\/sv\/#organization"},"potentialAction":[{"@type":"SearchAction","target":{"@type":"EntryPoint","urlTemplate":"https:\/\/scandipropertycare.com\/sv\/?s={search_term_string}"},"query-input":{"@type":"PropertyValueSpecification","valueRequired":true,"valueName":"search_term_string"}}],"inLanguage":"sv-SE"},{"@type":"Organization","@id":"https:\/\/scandipropertycare.com\/sv\/#organization","name":"Skandinavisk fastighetssk\u00f6tsel","url":"https:\/\/scandipropertycare.com\/sv\/","logo":{"@type":"ImageObject","inLanguage":"sv-SE","@id":"https:\/\/scandipropertycare.com\/sv\/#\/schema\/logo\/image\/","url":"https:\/\/scandipropertycare.com\/wp-content\/uploads\/2025\/05\/Scandi-Property-Care-LogoFinal.png","contentUrl":"https:\/\/scandipropertycare.com\/wp-content\/uploads\/2025\/05\/Scandi-Property-Care-LogoFinal.png","width":1819,"height":593,"caption":"Skandinavisk fastighetssk\u00f6tsel"},"image":{"@id":"https:\/\/scandipropertycare.com\/sv\/#\/schema\/logo\/image\/"}}]}},"_links":{"self":[{"href":"https:\/\/scandipropertycare.com\/sv\/wp-json\/wp\/v2\/pages\/2697","targetHints":{"allow":["GET"]}}],"collection":[{"href":"https:\/\/scandipropertycare.com\/sv\/wp-json\/wp\/v2\/pages"}],"about":[{"href":"https:\/\/scandipropertycare.com\/sv\/wp-json\/wp\/v2\/types\/page"}],"author":[{"embeddable":true,"href":"https:\/\/scandipropertycare.com\/sv\/wp-json\/wp\/v2\/users\/1"}],"replies":[{"embeddable":true,"href":"https:\/\/scandipropertycare.com\/sv\/wp-json\/wp\/v2\/comments?post=2697"}],"version-history":[{"count":1,"href":"https:\/\/scandipropertycare.com\/sv\/wp-json\/wp\/v2\/pages\/2697\/revisions"}],"predecessor-version":[{"id":2699,"href":"https:\/\/scandipropertycare.com\/sv\/wp-json\/wp\/v2\/pages\/2697\/revisions\/2699"}],"wp:featuredmedia":[{"embeddable":true,"href":"https:\/\/scandipropertycare.com\/sv\/wp-json\/wp\/v2\/media\/2698"}],"wp:attachment":[{"href":"https:\/\/scandipropertycare.com\/sv\/wp-json\/wp\/v2\/media?parent=2697"}],"curies":[{"name":"wp","href":"https:\/\/api.w.org\/{rel}","templated":true}]}}