{"id":2770,"date":"2025-05-14T20:02:11","date_gmt":"2025-05-14T20:02:11","guid":{"rendered":"https:\/\/scandipropertycare.com\/om\/"},"modified":"2025-07-21T21:38:32","modified_gmt":"2025-07-21T21:38:32","slug":"om","status":"publish","type":"page","link":"https:\/\/scandipropertycare.com\/sv\/om\/","title":{"rendered":"Om"},"content":{"rendered":"\t\t<div data-elementor-type=\"wp-page\" data-elementor-id=\"2770\" class=\"elementor elementor-2770 elementor-260\" data-elementor-post-type=\"page\">\n\t\t\t\t<div class=\"elementor-element elementor-element-502e7cd0 e-con-full e-flex e-con e-parent\" data-id=\"502e7cd0\" data-element_type=\"container\">\n\t\t<div class=\"elementor-element elementor-element-751d1e7a e-con-full e-flex e-con e-child\" data-id=\"751d1e7a\" data-element_type=\"container\">\n\t\t\t\t<div class=\"elementor-element elementor-element-32f9e769 elementor-widget elementor-widget-heading\" data-id=\"32f9e769\" data-element_type=\"widget\" data-widget_type=\"heading.default\">\n\t\t\t\t<div class=\"elementor-widget-container\">\n\t\t\t\t\t<h1 class=\"elementor-heading-title elementor-size-default\">Fr\u00e5n Skandinavien till Costa del Sol<\/h1>\t\t\t\t<\/div>\n\t\t\t\t<\/div>\n\t\t\t\t<div class=\"elementor-element elementor-element-87311ee elementor-widget elementor-widget-text-editor\" data-id=\"87311ee\" data-element_type=\"widget\" data-widget_type=\"text-editor.default\">\n\t\t\t\t<div class=\"elementor-widget-container\">\n\t\t\t\t\t\t\t\t\t<p class=\"p1\">Scandi Property Care grundades f\u00f6r att ge skandinavisk kvalitet, struktur och f\u00f6rtroende till fastighetsf\u00f6rvaltning i Spanien. Efter m\u00e5nga \u00e5rs erfarenhet av att f\u00f6rvalta bost\u00e4der i Sverige s\u00e5g vi ett v\u00e4xande behov bland utl\u00e4ndska hus\u00e4gare i Marbella \u2013 efter en p\u00e5litlig, allt-i-ett lokal partner. <\/p><p class=\"p1\">Idag hj\u00e4lper vi v\u00e5ra kunder att k\u00e4nna sig trygga i vetskapen om att deras fastighet \u00e4r ren, s\u00e4ker och redo hela tiden \u2013 oavsett om det \u00e4r ett privat hem eller en korttidsuthyrning.<\/p>\t\t\t\t\t\t\t\t<\/div>\n\t\t\t\t<\/div>\n\t\t\t\t<\/div>\n\t\t<div class=\"elementor-element elementor-element-1c491951 e-con-full e-flex e-con e-child\" data-id=\"1c491951\" data-element_type=\"container\" data-settings=\"{&quot;background_background&quot;:&quot;classic&quot;}\">\n\t\t\t\t<\/div>\n\t\t\t\t<\/div>\n\t\t<div class=\"elementor-element elementor-element-12362f25 e-con-full e-flex e-con e-parent\" data-id=\"12362f25\" data-element_type=\"container\">\n\t\t<div class=\"elementor-element elementor-element-3b832eae e-con-full e-flex e-con e-child\" data-id=\"3b832eae\" data-element_type=\"container\" data-settings=\"{&quot;background_background&quot;:&quot;classic&quot;}\">\n\t\t\t\t<\/div>\n\t\t<div class=\"elementor-element elementor-element-5fb925c2 e-con-full e-flex e-con e-child\" data-id=\"5fb925c2\" data-element_type=\"container\">\n\t\t\t\t<div class=\"elementor-element elementor-element-66714b5e elementor-widget elementor-widget-heading\" data-id=\"66714b5e\" data-element_type=\"widget\" data-widget_type=\"heading.default\">\n\t\t\t\t<div class=\"elementor-widget-container\">\n\t\t\t\t\t<h2 class=\"elementor-heading-title elementor-size-default\">Ett lokalt lag du kan lita p\u00e5<\/h2>\t\t\t\t<\/div>\n\t\t\t\t<\/div>\n\t\t\t\t<div class=\"elementor-element elementor-element-27ae8a3d elementor-widget elementor-widget-text-editor\" data-id=\"27ae8a3d\" data-element_type=\"widget\" data-widget_type=\"text-editor.default\">\n\t\t\t\t<div class=\"elementor-widget-container\">\n\t\t\t\t\t\t\t\t\t<p class=\"p1\">Vi bor och arbetar i Marbella. Det betyder att vi aldrig \u00e4r l\u00e5ngt borta n\u00e4r du beh\u00f6ver hj\u00e4lp \u2013 fr\u00e5n akuta reparationer och sista minuten-incheckningar till planerad st\u00e4dning eller g\u00e4stservice. <\/p><p class=\"p1\">Med ett team utbildat enligt skandinaviska standarder erbjuder vi mer \u00e4n bara fastighetstj\u00e4nster. Vi ger trygghet. <\/p>\t\t\t\t\t\t\t\t<\/div>\n\t\t\t\t<\/div>\n\t\t\t\t<\/div>\n\t\t\t\t<\/div>\n\t\t<div class=\"elementor-element elementor-element-5a081a1 e-flex e-con-boxed e-con e-parent\" data-id=\"5a081a1\" data-element_type=\"container\">\n\t\t\t\t\t<div class=\"e-con-inner\">\n\t\t\t\t<div class=\"elementor-element elementor-element-cb0afa2 elementor-widget elementor-widget-heading\" data-id=\"cb0afa2\" data-element_type=\"widget\" data-widget_type=\"heading.default\">\n\t\t\t\t<div class=\"elementor-widget-container\">\n\t\t\t\t\t<h2 class=\"elementor-heading-title elementor-size-default\">Varf\u00f6r kunder litar p\u00e5 oss<\/h2>\t\t\t\t<\/div>\n\t\t\t\t<\/div>\n\t\t\t\t\t<\/div>\n\t\t\t\t<\/div>\n\t\t<div class=\"elementor-element elementor-element-6d426cf e-flex e-con-boxed e-con e-parent\" data-id=\"6d426cf\" data-element_type=\"container\">\n\t\t\t\t\t<div class=\"e-con-inner\">\n\t\t<div class=\"elementor-element elementor-element-d4f78cb e-grid e-con-full e-con e-child\" data-id=\"d4f78cb\" data-element_type=\"container\">\n\t\t\t\t<div class=\"elementor-element elementor-element-3302d84 elementor-view-default elementor-position-top elementor-mobile-position-top elementor-widget elementor-widget-icon-box\" data-id=\"3302d84\" data-element_type=\"widget\" data-widget_type=\"icon-box.default\">\n\t\t\t\t<div class=\"elementor-widget-container\">\n\t\t\t\t\t\t\t<div class=\"elementor-icon-box-wrapper\">\n\n\t\t\t\t\t\t<div class=\"elementor-icon-box-icon\">\n\t\t\t\t<span  class=\"elementor-icon\">\n\t\t\t\t<svg aria-hidden=\"true\" class=\"e-font-icon-svg e-far-star\" viewBox=\"0 0 576 512\" xmlns=\"http:\/\/www.w3.org\/2000\/svg\"><path d=\"M528.1 171.5L382 150.2 316.7 17.8c-11.7-23.6-45.6-23.9-57.4 0L194 150.2 47.9 171.5c-26.2 3.8-36.7 36.1-17.7 54.6l105.7 103-25 145.5c-4.5 26.3 23.2 46 46.4 33.7L288 439.6l130.7 68.7c23.2 12.2 50.9-7.4 46.4-33.7l-25-145.5 105.7-103c19-18.5 8.5-50.8-17.7-54.6zM388.6 312.3l23.7 138.4L288 385.4l-124.3 65.3 23.7-138.4-100.6-98 139-20.2 62.2-126 62.2 126 139 20.2-100.6 98z\"><\/path><\/svg>\t\t\t\t<\/span>\n\t\t\t<\/div>\n\t\t\t\n\t\t\t\t\t\t<div class=\"elementor-icon-box-content\">\n\n\t\t\t\t\t\t\t\t\t<h3 class=\"elementor-icon-box-title\">\n\t\t\t\t\t\t<span  >\n\t\t\t\t\t\t\t\u00d6ver 15 \u00e5rs erfarenhet\t\t\t\t\t\t<\/span>\n\t\t\t\t\t<\/h3>\n\t\t\t\t\n\t\t\t\t\n\t\t\t<\/div>\n\t\t\t\n\t\t<\/div>\n\t\t\t\t\t\t<\/div>\n\t\t\t\t<\/div>\n\t\t\t\t<div class=\"elementor-element elementor-element-6d57547 elementor-view-default elementor-position-top elementor-mobile-position-top elementor-widget elementor-widget-icon-box\" data-id=\"6d57547\" data-element_type=\"widget\" data-widget_type=\"icon-box.default\">\n\t\t\t\t<div class=\"elementor-widget-container\">\n\t\t\t\t\t\t\t<div class=\"elementor-icon-box-wrapper\">\n\n\t\t\t\t\t\t<div class=\"elementor-icon-box-icon\">\n\t\t\t\t<span  class=\"elementor-icon\">\n\t\t\t\t<svg aria-hidden=\"true\" class=\"e-font-icon-svg e-far-comments\" viewBox=\"0 0 576 512\" xmlns=\"http:\/\/www.w3.org\/2000\/svg\"><path d=\"M532 386.2c27.5-27.1 44-61.1 44-98.2 0-80-76.5-146.1-176.2-157.9C368.3 72.5 294.3 32 208 32 93.1 32 0 103.6 0 192c0 37 16.5 71 44 98.2-15.3 30.7-37.3 54.5-37.7 54.9-6.3 6.7-8.1 16.5-4.4 25 3.6 8.5 12 14 21.2 14 53.5 0 96.7-20.2 125.2-38.8 9.2 2.1 18.7 3.7 28.4 4.9C208.1 407.6 281.8 448 368 448c20.8 0 40.8-2.4 59.8-6.8C456.3 459.7 499.4 480 553 480c9.2 0 17.5-5.5 21.2-14 3.6-8.5 1.9-18.3-4.4-25-.4-.3-22.5-24.1-37.8-54.8zm-392.8-92.3L122.1 305c-14.1 9.1-28.5 16.3-43.1 21.4 2.7-4.7 5.4-9.7 8-14.8l15.5-31.1L77.7 256C64.2 242.6 48 220.7 48 192c0-60.7 73.3-112 160-112s160 51.3 160 112-73.3 112-160 112c-16.5 0-33-1.9-49-5.6l-19.8-4.5zM498.3 352l-24.7 24.4 15.5 31.1c2.6 5.1 5.3 10.1 8 14.8-14.6-5.1-29-12.3-43.1-21.4l-17.1-11.1-19.9 4.6c-16 3.7-32.5 5.6-49 5.6-54 0-102.2-20.1-131.3-49.7C338 339.5 416 272.9 416 192c0-3.4-.4-6.7-.7-10C479.7 196.5 528 238.8 528 288c0 28.7-16.2 50.6-29.7 64z\"><\/path><\/svg>\t\t\t\t<\/span>\n\t\t\t<\/div>\n\t\t\t\n\t\t\t\t\t\t<div class=\"elementor-icon-box-content\">\n\n\t\t\t\t\t\t\t\t\t<h3 class=\"elementor-icon-box-title\">\n\t\t\t\t\t\t<span  >\n\t\t\t\t\t\t\tFlytande i svenska, engelska, ryska och spanska\t\t\t\t\t\t<\/span>\n\t\t\t\t\t<\/h3>\n\t\t\t\t\n\t\t\t\t\n\t\t\t<\/div>\n\t\t\t\n\t\t<\/div>\n\t\t\t\t\t\t<\/div>\n\t\t\t\t<\/div>\n\t\t\t\t<div class=\"elementor-element elementor-element-b365359 elementor-view-default elementor-position-top elementor-mobile-position-top elementor-widget elementor-widget-icon-box\" data-id=\"b365359\" data-element_type=\"widget\" data-widget_type=\"icon-box.default\">\n\t\t\t\t<div class=\"elementor-widget-container\">\n\t\t\t\t\t\t\t<div class=\"elementor-icon-box-wrapper\">\n\n\t\t\t\t\t\t<div class=\"elementor-icon-box-icon\">\n\t\t\t\t<span  class=\"elementor-icon\">\n\t\t\t\t<svg aria-hidden=\"true\" class=\"e-font-icon-svg e-fas-euro-sign\" viewBox=\"0 0 320 512\" xmlns=\"http:\/\/www.w3.org\/2000\/svg\"><path d=\"M310.706 413.765c-1.314-6.63-7.835-10.872-14.424-9.369-10.692 2.439-27.422 5.413-45.426 5.413-56.763 0-101.929-34.79-121.461-85.449h113.689a12 12 0 0 0 11.708-9.369l6.373-28.36c1.686-7.502-4.019-14.631-11.708-14.631H115.22c-1.21-14.328-1.414-28.287.137-42.245H261.95a12 12 0 0 0 11.723-9.434l6.512-29.755c1.638-7.484-4.061-14.566-11.723-14.566H130.184c20.633-44.991 62.69-75.03 117.619-75.03 14.486 0 28.564 2.25 37.851 4.145 6.216 1.268 12.347-2.498 14.002-8.623l11.991-44.368c1.822-6.741-2.465-13.616-9.326-14.917C290.217 34.912 270.71 32 249.635 32 152.451 32 74.03 92.252 45.075 176H12c-6.627 0-12 5.373-12 12v29.755c0 6.627 5.373 12 12 12h21.569c-1.009 13.607-1.181 29.287-.181 42.245H12c-6.627 0-12 5.373-12 12v28.36c0 6.627 5.373 12 12 12h30.114C67.139 414.692 145.264 480 249.635 480c26.301 0 48.562-4.544 61.101-7.788 6.167-1.595 10.027-7.708 8.788-13.957l-8.818-44.49z\"><\/path><\/svg>\t\t\t\t<\/span>\n\t\t\t<\/div>\n\t\t\t\n\t\t\t\t\t\t<div class=\"elementor-icon-box-content\">\n\n\t\t\t\t\t\t\t\t\t<h3 class=\"elementor-icon-box-title\">\n\t\t\t\t\t\t<span  >\n\t\t\t\t\t\t\tTransparent priss\u00e4ttning, inga \u00f6verraskningar\t\t\t\t\t\t<\/span>\n\t\t\t\t\t<\/h3>\n\t\t\t\t\n\t\t\t\t\n\t\t\t<\/div>\n\t\t\t\n\t\t<\/div>\n\t\t\t\t\t\t<\/div>\n\t\t\t\t<\/div>\n\t\t\t\t<div class=\"elementor-element elementor-element-ee14a6f elementor-view-default elementor-position-top elementor-mobile-position-top elementor-widget elementor-widget-icon-box\" data-id=\"ee14a6f\" data-element_type=\"widget\" data-widget_type=\"icon-box.default\">\n\t\t\t\t<div class=\"elementor-widget-container\">\n\t\t\t\t\t\t\t<div class=\"elementor-icon-box-wrapper\">\n\n\t\t\t\t\t\t<div class=\"elementor-icon-box-icon\">\n\t\t\t\t<span  class=\"elementor-icon\">\n\t\t\t\t<svg aria-hidden=\"true\" class=\"e-font-icon-svg e-far-heart\" viewBox=\"0 0 512 512\" xmlns=\"http:\/\/www.w3.org\/2000\/svg\"><path d=\"M458.4 64.3C400.6 15.7 311.3 23 256 79.3 200.7 23 111.4 15.6 53.6 64.3-21.6 127.6-10.6 230.8 43 285.5l175.4 178.7c10 10.2 23.4 15.9 37.6 15.9 14.3 0 27.6-5.6 37.6-15.8L469 285.6c53.5-54.7 64.7-157.9-10.6-221.3zm-23.6 187.5L259.4 430.5c-2.4 2.4-4.4 2.4-6.8 0L77.2 251.8c-36.5-37.2-43.9-107.6 7.3-150.7 38.9-32.7 98.9-27.8 136.5 10.5l35 35.7 35-35.7c37.8-38.5 97.8-43.2 136.5-10.6 51.1 43.1 43.5 113.9 7.3 150.8z\"><\/path><\/svg>\t\t\t\t<\/span>\n\t\t\t<\/div>\n\t\t\t\n\t\t\t\t\t\t<div class=\"elementor-icon-box-content\">\n\n\t\t\t\t\t\t\t\t\t<h3 class=\"elementor-icon-box-title\">\n\t\t\t\t\t\t<span  >\n\t\t\t\t\t\t\tSnabb respons och personlig service\t\t\t\t\t\t<\/span>\n\t\t\t\t\t<\/h3>\n\t\t\t\t\n\t\t\t\t\n\t\t\t<\/div>\n\t\t\t\n\t\t<\/div>\n\t\t\t\t\t\t<\/div>\n\t\t\t\t<\/div>\n\t\t\t\t<\/div>\n\t\t\t\t\t<\/div>\n\t\t\t\t<\/div>\n\t\t<div class=\"elementor-element elementor-element-b531973 e-flex e-con-boxed e-con e-parent\" data-id=\"b531973\" data-element_type=\"container\">\n\t\t\t\t\t<div class=\"e-con-inner\">\n\t\t\t\t<div class=\"elementor-element elementor-element-dbec503 elementor-widget elementor-widget-heading\" data-id=\"dbec503\" data-element_type=\"widget\" data-widget_type=\"heading.default\">\n\t\t\t\t<div class=\"elementor-widget-container\">\n\t\t\t\t\t<h2 class=\"elementor-heading-title elementor-size-default\">\"Vi f\u00f6rst\u00e5r vad hus\u00e4gare f\u00f6rv\u00e4ntar sig \u2013 och vi levererar.\"<\/h2>\t\t\t\t<\/div>\n\t\t\t\t<\/div>\n\t\t\t\t\t<\/div>\n\t\t\t\t<\/div>\n\t\t\t\t<\/div>\n\t\t","protected":false},"excerpt":{"rendered":"<p>Fr\u00e5n Skandinavien till Costa del Sol Scandi Property Care grundades f\u00f6r att ge skandinavisk kvalitet, struktur och f\u00f6rtroende till fastighetsf\u00f6rvaltning i Spanien. Efter m\u00e5nga \u00e5rs erfarenhet av att f\u00f6rvalta bost\u00e4der i Sverige s\u00e5g vi ett v\u00e4xande behov bland utl\u00e4ndska hus\u00e4gare i Marbella \u2013 efter en p\u00e5litlig, allt-i-ett lokal partner. Idag hj\u00e4lper vi v\u00e5ra kunder att [&hellip;]<\/p>\n","protected":false},"author":1,"featured_media":2698,"parent":0,"menu_order":0,"comment_status":"closed","ping_status":"closed","template":"elementor_header_footer","meta":{"footnotes":""},"class_list":["post-2770","page","type-page","status-publish","has-post-thumbnail","hentry"],"yoast_head":"<!-- This site is optimized with the Yoast SEO plugin v25.2 - https:\/\/yoast.com\/wordpress\/plugins\/seo\/ -->\n<title>Om Scandi Property Care | Fastighetstj\u00e4nster i Marbella<\/title>\n<meta name=\"description\" content=\"L\u00e4s mer om Scandi Property Care \u2013 ett p\u00e5litligt lokalt team som erbjuder st\u00e4dning, underh\u00e5ll och fullservice fastighetssk\u00f6tsel i Marbella.\" \/>\n<meta name=\"robots\" content=\"index, follow, max-snippet:-1, max-image-preview:large, max-video-preview:-1\" \/>\n<link rel=\"canonical\" href=\"https:\/\/scandipropertycare.com\/sv\/om\/\" \/>\n<meta property=\"og:locale\" content=\"sv_SE\" \/>\n<meta property=\"og:type\" content=\"article\" \/>\n<meta property=\"og:title\" content=\"Om Scandi Property Care | Fastighetstj\u00e4nster i Marbella\" \/>\n<meta property=\"og:description\" content=\"L\u00e4s mer om Scandi Property Care \u2013 ett p\u00e5litligt lokalt team som erbjuder st\u00e4dning, underh\u00e5ll och fullservice fastighetssk\u00f6tsel i Marbella.\" \/>\n<meta property=\"og:url\" content=\"https:\/\/scandipropertycare.com\/sv\/om\/\" \/>\n<meta property=\"og:site_name\" content=\"Scandi Property Care\" \/>\n<meta property=\"article:modified_time\" content=\"2025-07-21T21:38:32+00:00\" \/>\n<meta property=\"og:image\" content=\"https:\/\/scandipropertycare.com\/wp-content\/uploads\/2025\/05\/Scandi-Property-Care-Marbella.png\" \/>\n\t<meta property=\"og:image:width\" content=\"940\" \/>\n\t<meta property=\"og:image:height\" content=\"788\" \/>\n\t<meta property=\"og:image:type\" content=\"image\/png\" \/>\n<meta name=\"twitter:card\" content=\"summary_large_image\" \/>\n<meta name=\"twitter:label1\" content=\"Ber\u00e4knad l\u00e4stid\" \/>\n\t<meta name=\"twitter:data1\" content=\"1 minut\" \/>\n<script type=\"application\/ld+json\" class=\"yoast-schema-graph\">{\"@context\":\"https:\/\/schema.org\",\"@graph\":[{\"@type\":\"WebPage\",\"@id\":\"https:\/\/scandipropertycare.com\/sv\/om\/\",\"url\":\"https:\/\/scandipropertycare.com\/sv\/om\/\",\"name\":\"Om Scandi Property Care | Fastighetstj\u00e4nster i Marbella\",\"isPartOf\":{\"@id\":\"https:\/\/scandipropertycare.com\/sv\/#website\"},\"primaryImageOfPage\":{\"@id\":\"https:\/\/scandipropertycare.com\/sv\/om\/#primaryimage\"},\"image\":{\"@id\":\"https:\/\/scandipropertycare.com\/sv\/om\/#primaryimage\"},\"thumbnailUrl\":\"https:\/\/scandipropertycare.com\/wp-content\/uploads\/2025\/05\/Scandi-Property-Care-Marbella.png\",\"datePublished\":\"2025-05-14T20:02:11+00:00\",\"dateModified\":\"2025-07-21T21:38:32+00:00\",\"description\":\"L\u00e4s mer om Scandi Property Care \u2013 ett p\u00e5litligt lokalt team som erbjuder st\u00e4dning, underh\u00e5ll och fullservice fastighetssk\u00f6tsel i Marbella.\",\"breadcrumb\":{\"@id\":\"https:\/\/scandipropertycare.com\/sv\/om\/#breadcrumb\"},\"inLanguage\":\"sv-SE\",\"potentialAction\":[{\"@type\":\"ReadAction\",\"target\":[\"https:\/\/scandipropertycare.com\/sv\/om\/\"]}]},{\"@type\":\"ImageObject\",\"inLanguage\":\"sv-SE\",\"@id\":\"https:\/\/scandipropertycare.com\/sv\/om\/#primaryimage\",\"url\":\"https:\/\/scandipropertycare.com\/wp-content\/uploads\/2025\/05\/Scandi-Property-Care-Marbella.png\",\"contentUrl\":\"https:\/\/scandipropertycare.com\/wp-content\/uploads\/2025\/05\/Scandi-Property-Care-Marbella.png\",\"width\":940,\"height\":788,\"caption\":\"Scandi Property Care Marbella\"},{\"@type\":\"BreadcrumbList\",\"@id\":\"https:\/\/scandipropertycare.com\/sv\/om\/#breadcrumb\",\"itemListElement\":[{\"@type\":\"ListItem\",\"position\":1,\"name\":\"Hem\",\"item\":\"https:\/\/scandipropertycare.com\/sv\/hem\/\"},{\"@type\":\"ListItem\",\"position\":2,\"name\":\"Om\"}]},{\"@type\":\"WebSite\",\"@id\":\"https:\/\/scandipropertycare.com\/sv\/#website\",\"url\":\"https:\/\/scandipropertycare.com\/sv\/\",\"name\":\"Scandi Property Care\",\"description\":\"Premium fastighetssk\u00f6tsel i Marbella\",\"publisher\":{\"@id\":\"https:\/\/scandipropertycare.com\/sv\/#organization\"},\"potentialAction\":[{\"@type\":\"SearchAction\",\"target\":{\"@type\":\"EntryPoint\",\"urlTemplate\":\"https:\/\/scandipropertycare.com\/sv\/?s={search_term_string}\"},\"query-input\":{\"@type\":\"PropertyValueSpecification\",\"valueRequired\":true,\"valueName\":\"search_term_string\"}}],\"inLanguage\":\"sv-SE\"},{\"@type\":\"Organization\",\"@id\":\"https:\/\/scandipropertycare.com\/sv\/#organization\",\"name\":\"Skandinavisk fastighetssk\u00f6tsel\",\"url\":\"https:\/\/scandipropertycare.com\/sv\/\",\"logo\":{\"@type\":\"ImageObject\",\"inLanguage\":\"sv-SE\",\"@id\":\"https:\/\/scandipropertycare.com\/sv\/#\/schema\/logo\/image\/\",\"url\":\"https:\/\/scandipropertycare.com\/wp-content\/uploads\/2025\/05\/Scandi-Property-Care-LogoFinal.png\",\"contentUrl\":\"https:\/\/scandipropertycare.com\/wp-content\/uploads\/2025\/05\/Scandi-Property-Care-LogoFinal.png\",\"width\":1819,\"height\":593,\"caption\":\"Skandinavisk fastighetssk\u00f6tsel\"},\"image\":{\"@id\":\"https:\/\/scandipropertycare.com\/sv\/#\/schema\/logo\/image\/\"}}]}<\/script>\n<!-- \/ Yoast SEO plugin. -->","yoast_head_json":{"title":"Om Scandi Property Care | Fastighetstj\u00e4nster i Marbella","description":"L\u00e4s mer om Scandi Property Care \u2013 ett p\u00e5litligt lokalt team som erbjuder st\u00e4dning, underh\u00e5ll och fullservice fastighetssk\u00f6tsel i Marbella.","robots":{"index":"index","follow":"follow","max-snippet":"max-snippet:-1","max-image-preview":"max-image-preview:large","max-video-preview":"max-video-preview:-1"},"canonical":"https:\/\/scandipropertycare.com\/sv\/om\/","og_locale":"sv_SE","og_type":"article","og_title":"Om Scandi Property Care | Fastighetstj\u00e4nster i Marbella","og_description":"L\u00e4s mer om Scandi Property Care \u2013 ett p\u00e5litligt lokalt team som erbjuder st\u00e4dning, underh\u00e5ll och fullservice fastighetssk\u00f6tsel i Marbella.","og_url":"https:\/\/scandipropertycare.com\/sv\/om\/","og_site_name":"Scandi Property Care","article_modified_time":"2025-07-21T21:38:32+00:00","og_image":[{"width":940,"height":788,"url":"https:\/\/scandipropertycare.com\/wp-content\/uploads\/2025\/05\/Scandi-Property-Care-Marbella.png","type":"image\/png"}],"twitter_card":"summary_large_image","twitter_misc":{"Ber\u00e4knad l\u00e4stid":"1 minut"},"schema":{"@context":"https:\/\/schema.org","@graph":[{"@type":"WebPage","@id":"https:\/\/scandipropertycare.com\/sv\/om\/","url":"https:\/\/scandipropertycare.com\/sv\/om\/","name":"Om Scandi Property Care | Fastighetstj\u00e4nster i Marbella","isPartOf":{"@id":"https:\/\/scandipropertycare.com\/sv\/#website"},"primaryImageOfPage":{"@id":"https:\/\/scandipropertycare.com\/sv\/om\/#primaryimage"},"image":{"@id":"https:\/\/scandipropertycare.com\/sv\/om\/#primaryimage"},"thumbnailUrl":"https:\/\/scandipropertycare.com\/wp-content\/uploads\/2025\/05\/Scandi-Property-Care-Marbella.png","datePublished":"2025-05-14T20:02:11+00:00","dateModified":"2025-07-21T21:38:32+00:00","description":"L\u00e4s mer om Scandi Property Care \u2013 ett p\u00e5litligt lokalt team som erbjuder st\u00e4dning, underh\u00e5ll och fullservice fastighetssk\u00f6tsel i Marbella.","breadcrumb":{"@id":"https:\/\/scandipropertycare.com\/sv\/om\/#breadcrumb"},"inLanguage":"sv-SE","potentialAction":[{"@type":"ReadAction","target":["https:\/\/scandipropertycare.com\/sv\/om\/"]}]},{"@type":"ImageObject","inLanguage":"sv-SE","@id":"https:\/\/scandipropertycare.com\/sv\/om\/#primaryimage","url":"https:\/\/scandipropertycare.com\/wp-content\/uploads\/2025\/05\/Scandi-Property-Care-Marbella.png","contentUrl":"https:\/\/scandipropertycare.com\/wp-content\/uploads\/2025\/05\/Scandi-Property-Care-Marbella.png","width":940,"height":788,"caption":"Scandi Property Care Marbella"},{"@type":"BreadcrumbList","@id":"https:\/\/scandipropertycare.com\/sv\/om\/#breadcrumb","itemListElement":[{"@type":"ListItem","position":1,"name":"Hem","item":"https:\/\/scandipropertycare.com\/sv\/hem\/"},{"@type":"ListItem","position":2,"name":"Om"}]},{"@type":"WebSite","@id":"https:\/\/scandipropertycare.com\/sv\/#website","url":"https:\/\/scandipropertycare.com\/sv\/","name":"Scandi Property Care","description":"Premium fastighetssk\u00f6tsel i Marbella","publisher":{"@id":"https:\/\/scandipropertycare.com\/sv\/#organization"},"potentialAction":[{"@type":"SearchAction","target":{"@type":"EntryPoint","urlTemplate":"https:\/\/scandipropertycare.com\/sv\/?s={search_term_string}"},"query-input":{"@type":"PropertyValueSpecification","valueRequired":true,"valueName":"search_term_string"}}],"inLanguage":"sv-SE"},{"@type":"Organization","@id":"https:\/\/scandipropertycare.com\/sv\/#organization","name":"Skandinavisk fastighetssk\u00f6tsel","url":"https:\/\/scandipropertycare.com\/sv\/","logo":{"@type":"ImageObject","inLanguage":"sv-SE","@id":"https:\/\/scandipropertycare.com\/sv\/#\/schema\/logo\/image\/","url":"https:\/\/scandipropertycare.com\/wp-content\/uploads\/2025\/05\/Scandi-Property-Care-LogoFinal.png","contentUrl":"https:\/\/scandipropertycare.com\/wp-content\/uploads\/2025\/05\/Scandi-Property-Care-LogoFinal.png","width":1819,"height":593,"caption":"Skandinavisk fastighetssk\u00f6tsel"},"image":{"@id":"https:\/\/scandipropertycare.com\/sv\/#\/schema\/logo\/image\/"}}]}},"_links":{"self":[{"href":"https:\/\/scandipropertycare.com\/sv\/wp-json\/wp\/v2\/pages\/2770","targetHints":{"allow":["GET"]}}],"collection":[{"href":"https:\/\/scandipropertycare.com\/sv\/wp-json\/wp\/v2\/pages"}],"about":[{"href":"https:\/\/scandipropertycare.com\/sv\/wp-json\/wp\/v2\/types\/page"}],"author":[{"embeddable":true,"href":"https:\/\/scandipropertycare.com\/sv\/wp-json\/wp\/v2\/users\/1"}],"replies":[{"embeddable":true,"href":"https:\/\/scandipropertycare.com\/sv\/wp-json\/wp\/v2\/comments?post=2770"}],"version-history":[{"count":1,"href":"https:\/\/scandipropertycare.com\/sv\/wp-json\/wp\/v2\/pages\/2770\/revisions"}],"predecessor-version":[{"id":2775,"href":"https:\/\/scandipropertycare.com\/sv\/wp-json\/wp\/v2\/pages\/2770\/revisions\/2775"}],"wp:featuredmedia":[{"embeddable":true,"href":"https:\/\/scandipropertycare.com\/sv\/wp-json\/wp\/v2\/media\/2698"}],"wp:attachment":[{"href":"https:\/\/scandipropertycare.com\/sv\/wp-json\/wp\/v2\/media?parent=2770"}],"curies":[{"name":"wp","href":"https:\/\/api.w.org\/{rel}","templated":true}]}}